{"id":2009,"date":"2009-11-29T15:02:07","date_gmt":"2009-11-29T18:02:07","guid":{"rendered":"http:\/\/www.elsindical.com.ar\/notas\/?page_id=2009"},"modified":"2023-12-09T14:28:07","modified_gmt":"2023-12-09T17:28:07","slug":"publicidad","status":"publish","type":"page","link":"https:\/\/www.elsindical.com.ar\/notas\/publicidad\/","title":{"rendered":"Publicidad"},"content":{"rendered":"<div class=\"wp-block-image\">\n<figure class=\"aligncenter size-full is-resized\"><a href=\"https:\/\/www.elsindical.com.ar\/notas\/var\/www\/html\/notas\/wp-content\/uploads\/2023\/12\/servicios-de-publicidad.jpg\"><img loading=\"lazy\" decoding=\"async\" width=\"700\" height=\"450\" src=\"https:\/\/www.elsindical.com.ar\/notas\/var\/www\/html\/notas\/wp-content\/uploads\/2023\/12\/servicios-de-publicidad.jpg\" alt=\"\" class=\"wp-image-127120\" style=\"width:794px;height:auto\" srcset=\"https:\/\/www.elsindical.com.ar\/notas\/var\/www\/html\/notas\/wp-content\/uploads\/2023\/12\/servicios-de-publicidad.jpg 700w, https:\/\/www.elsindical.com.ar\/notas\/var\/www\/html\/notas\/wp-content\/uploads\/2023\/12\/servicios-de-publicidad-300x193.jpg 300w, https:\/\/www.elsindical.com.ar\/notas\/var\/www\/html\/notas\/wp-content\/uploads\/2023\/12\/servicios-de-publicidad-467x300.jpg 467w\" sizes=\"auto, (max-width: 700px) 100vw, 700px\" \/><\/a><\/figure>\n<\/div>\n\n<p style=\"text-align: justify;\"><strong>El\u00a0Sindical<\/strong>, tiene su origen en el a\u00f1o 2006, \u00a0logr\u00f3 un promedio de 55.000 visitas \u00fanicas mensuales en los primeros 12 meses de 2006 y tuvo un crecimiento constante hasta la fecha teniendo hoy un promedio mensual que supera los 18 millones de visitas a la fecha.<\/p>\n<p style=\"text-align: justify;\">Sus lectores habituales viven en la Argentina, Am\u00e9rica Latina, Europa, y los Estados Unidos.<\/p>\n<p style=\"text-align: justify;\">Con actualizaciones diarias, este medio, que ya tiene 18 a\u00f1os Online, garantiza un amplio espectro: desde p\u00fablico interesado en el mundo de los negocios (ejecutivos, estudiantes, consultores y profesionales en general) hasta j\u00f3venes que buscan informaci\u00f3n de tecnolog\u00eda o actividades culturales, pasando por mujeres inquietas por la est\u00e9tica, la moda y las tendencias. Destacan las investigaciones period\u00edsticas, muchas con relevancia en grandes medios que suelen invitar al Editor General a explicar el origen y el resultado de las mismas.<\/p>\n<p style=\"text-align: justify;\">Con el crecimiento del medio en otros \u00e1mbitos de difusi\u00f3n y un programa radial propio con un fuerte contenido jur\u00eddico como es <strong>El Sindical Radio<\/strong> y la colaboraci\u00f3n de un renovado equipo de trabajo, ofrecemos a su empresa la posibilidad de elegirnos y apoyarnos con la publicidad.<\/p>\n<p style=\"text-align: justify;\">En el 2015, el medio incorpor\u00f3 la edici\u00f3n impresa de las noticias destacadas, donde mensualmente se entrega en algunos puntos el diario en formato revista para poder hacer su lectura m\u00e1s c\u00f3moda y luego se transformo en una revista digital en formato PDF, accesible desde cualquier lugar del mundo y dispositivo.<\/p>\n<p style=\"text-align: justify;\">Puede auspiciar en este sitio, o en las redes sociales donde tenemos una permanente presencia online, tambi\u00e9n puede contratar servicios para mejorar la imagen de su empresa, cobertura de eventos y asesoramiento, sobre generaci\u00f3n de contenidos para promocionar de manera eficiente su actividad o comercio,\u00a0 ya que muchos fracasan en sus campa\u00f1as de difusi\u00f3n o en los contenidos por las formas de promoci\u00f3n o la mala calidad de fotos y videos que no generan inter\u00e9s, como tampoco son agradables anuncios donde el audio no es claro o el mensaje es contrario a lo que queremos transmitir.<\/p>\n<p style=\"text-align: justify;\">Escrib\u00ed al mail <a href=\"mailto:publicidad@elsindical.com.ar\">publicidad@elsindical.com.ar<\/a>\u00a0 Estamos interesados en conocer la empresa, marca, producto o servicio que Ud. representa.<\/p>\n\n\n<figure class=\"wp-block-embed is-type-video is-provider-youtube wp-block-embed-youtube wp-embed-aspect-16-9 wp-has-aspect-ratio\"><div class=\"wp-block-embed__wrapper\">\n<iframe loading=\"lazy\" title=\"Publicidad digital El Sindical\" width=\"700\" height=\"394\" src=\"https:\/\/www.youtube.com\/embed\/tdOPGiqPQYk?feature=oembed\" frameborder=\"0\" allow=\"accelerometer; autoplay; clipboard-write; encrypted-media; gyroscope; picture-in-picture; web-share\" allowfullscreen><\/iframe>\n<\/div><\/figure>\n","protected":false},"excerpt":{"rendered":"<p>El\u00a0Sindical, tiene su origen en el a\u00f1o 2006, \u00a0logr\u00f3 un promedio de 55.000 visitas \u00fanicas mensuales en los primeros 12 meses de 2006 y tuvo un crecimiento constante hasta la fecha teniendo hoy un promedio mensual que supera los 18 millones de visitas a la fecha. Sus lectores habituales viven en la Argentina, Am\u00e9rica Latina,&hellip;<\/p>\n","protected":false},"author":1,"featured_media":127120,"parent":0,"menu_order":0,"comment_status":"open","ping_status":"open","template":"","meta":{"footnotes":""},"class_list":["post-2009","page","type-page","status-publish","has-post-thumbnail","hentry"],"_links":{"self":[{"href":"https:\/\/www.elsindical.com.ar\/notas\/wp-json\/wp\/v2\/pages\/2009","targetHints":{"allow":["GET"]}}],"collection":[{"href":"https:\/\/www.elsindical.com.ar\/notas\/wp-json\/wp\/v2\/pages"}],"about":[{"href":"https:\/\/www.elsindical.com.ar\/notas\/wp-json\/wp\/v2\/types\/page"}],"author":[{"embeddable":true,"href":"https:\/\/www.elsindical.com.ar\/notas\/wp-json\/wp\/v2\/users\/1"}],"replies":[{"embeddable":true,"href":"https:\/\/www.elsindical.com.ar\/notas\/wp-json\/wp\/v2\/comments?post=2009"}],"version-history":[{"count":67,"href":"https:\/\/www.elsindical.com.ar\/notas\/wp-json\/wp\/v2\/pages\/2009\/revisions"}],"predecessor-version":[{"id":127126,"href":"https:\/\/www.elsindical.com.ar\/notas\/wp-json\/wp\/v2\/pages\/2009\/revisions\/127126"}],"wp:featuredmedia":[{"embeddable":true,"href":"https:\/\/www.elsindical.com.ar\/notas\/wp-json\/wp\/v2\/media\/127120"}],"wp:attachment":[{"href":"https:\/\/www.elsindical.com.ar\/notas\/wp-json\/wp\/v2\/media?parent=2009"}],"curies":[{"name":"wp","href":"https:\/\/api.w.org\/{rel}","templated":true}]}}