{"id":2,"date":"2009-09-08T00:58:32","date_gmt":"2009-09-08T03:58:32","guid":{"rendered":"http:\/\/www.elsindical.com.ar\/notas\/?page_id=2"},"modified":"2026-01-31T19:21:26","modified_gmt":"2026-01-31T22:21:26","slug":"about","status":"publish","type":"page","link":"https:\/\/www.elsindical.com.ar\/notas\/about\/","title":{"rendered":"Sobre El Sindical"},"content":{"rendered":"<p>Toda sociedad necesita medios de comunicaci\u00f3n transparentes y espec\u00edficos. A los medios tradicionales, como ser los diarios y los semanarios de inter\u00e9s general podemos agregar los medios tem\u00e1ticos de prensa, El Sindical, viene a cubrir esa ausencia en los medios de una informaci\u00f3n \u00fatil al trabajador en especial y al p\u00fablico en general. Existe una amplia actividad de los trabajadores. As\u00ed, desde un elemento de informaci\u00f3n sencillo, pero con un alto contenido de noticias laborales, se intentar\u00e1 dar al trabajador la informaci\u00f3n necesaria para satisfacer sus conocimientos, con noticias, entrevistas a dirigentes, funcionarios y empresarios.<\/p>\n<p align=\"justify\"><strong>El Sindical<\/strong> es m\u00e1s que un diario online, es un espacio abierto a los trabajadores, a los ciudadanos y a todos aquellos que quieran exponer sus ideas, sus denuncias o bien sus experiencias. Estamos creciendo d\u00eda a d\u00eda, mejorando el portal, optimizando el funcionamiento del mismo y haciendo que su lectura sea sencilla para todos.<\/p>\n<p align=\"justify\">Tambi\u00e9n desde el medio seremos objetivos, pudiendo existir opiniones divergentes de lectores\u00a0 suscriptores, no siendo esto un impedimento para ser un medio independiente en el cual todos pueden participar con las \u00fanicas limitaciones que dan la legalidad y el respeto al otro.<\/p>\n<p align=\"justify\">Gracias a los miles de lectores que d\u00eda a d\u00eda nos visitan, a los que nos escriben, a los que nos corrigen y a todos los que celebran cada paso que damos entre tantos medios period\u00edsticos.<\/p>\n<p align=\"justify\">Todos pueden publicar o enviarnos sus sugerencias, sin otro particular les deseamos que encuentren satisfactoria su visita.<\/p>\n<p align=\"justify\">Y aquellos que quieran apoyar el periodismo independiente en lugar de quejarse que las noticias son controladas por la pauta pol\u00edtica y los grandes grupos, pueden hacer su aporte de forma sencilla:<\/p>\n<p align=\"justify\"><strong>Marcelo Ricardo Hawrylciw<\/strong><\/p>\n<p align=\"justify\"><strong>CVU: 0000003100001291763122<\/strong><\/p>\n<p align=\"justify\"><strong class=\"sc-gGuQiZ fAXLLe\">CBU: 0720059588000000990372<\/strong><\/p>\n<p align=\"justify\"><strong>CBU 0140024303502660741033<\/strong><\/p>\n<p align=\"justify\">\n\n<div class=\"wp-block-image\">\n<figure class=\"aligncenter size-full\"><a href=\"https:\/\/www.elsindical.com.ar\/notas\/var\/www\/html\/notas\/wp-content\/uploads\/2026\/01\/Scanea-y-apoya-al-periodismo.jpg\"><img loading=\"lazy\" decoding=\"async\" width=\"400\" height=\"437\" src=\"https:\/\/www.elsindical.com.ar\/notas\/var\/www\/html\/notas\/wp-content\/uploads\/2026\/01\/Scanea-y-apoya-al-periodismo.jpg\" alt=\"\" class=\"wp-image-142593\" srcset=\"https:\/\/www.elsindical.com.ar\/notas\/var\/www\/html\/notas\/wp-content\/uploads\/2026\/01\/Scanea-y-apoya-al-periodismo.jpg 400w, https:\/\/www.elsindical.com.ar\/notas\/var\/www\/html\/notas\/wp-content\/uploads\/2026\/01\/Scanea-y-apoya-al-periodismo-275x300.jpg 275w\" sizes=\"auto, (max-width: 400px) 100vw, 400px\" \/><\/a><\/figure>\n<\/div>","protected":false},"excerpt":{"rendered":"<p>Toda sociedad necesita medios de comunicaci\u00f3n transparentes y espec\u00edficos. A los medios tradicionales, como ser los diarios y los semanarios de inter\u00e9s general podemos agregar los medios tem\u00e1ticos de prensa, El Sindical, viene a cubrir esa ausencia en los medios de una informaci\u00f3n \u00fatil al trabajador en especial y al p\u00fablico en general. Existe una&hellip;<\/p>\n","protected":false},"author":1,"featured_media":0,"parent":0,"menu_order":1,"comment_status":"open","ping_status":"open","template":"","meta":{"footnotes":""},"class_list":["post-2","page","type-page","status-publish","hentry"],"_links":{"self":[{"href":"https:\/\/www.elsindical.com.ar\/notas\/wp-json\/wp\/v2\/pages\/2","targetHints":{"allow":["GET"]}}],"collection":[{"href":"https:\/\/www.elsindical.com.ar\/notas\/wp-json\/wp\/v2\/pages"}],"about":[{"href":"https:\/\/www.elsindical.com.ar\/notas\/wp-json\/wp\/v2\/types\/page"}],"author":[{"embeddable":true,"href":"https:\/\/www.elsindical.com.ar\/notas\/wp-json\/wp\/v2\/users\/1"}],"replies":[{"embeddable":true,"href":"https:\/\/www.elsindical.com.ar\/notas\/wp-json\/wp\/v2\/comments?post=2"}],"version-history":[{"count":7,"href":"https:\/\/www.elsindical.com.ar\/notas\/wp-json\/wp\/v2\/pages\/2\/revisions"}],"predecessor-version":[{"id":142594,"href":"https:\/\/www.elsindical.com.ar\/notas\/wp-json\/wp\/v2\/pages\/2\/revisions\/142594"}],"wp:attachment":[{"href":"https:\/\/www.elsindical.com.ar\/notas\/wp-json\/wp\/v2\/media?parent=2"}],"curies":[{"name":"wp","href":"https:\/\/api.w.org\/{rel}","templated":true}]}}